{"id":7,"date":"2016-06-13T09:52:14","date_gmt":"2016-06-13T07:52:14","guid":{"rendered":"http:\/\/plethorathemes.com\/healthflex\/doctor\/?page_id=7"},"modified":"2025-09-24T16:54:44","modified_gmt":"2025-09-24T16:54:44","slug":"home","status":"publish","type":"page","link":"https:\/\/myhmadrecanguro.com\/","title":{"rendered":"Inicio"},"content":{"rendered":"<div class=\"wpb-content-wrapper\"><p>[vc_row full_width=&#8221;0&#8243; full_height=&#8221;0&#8243; row_padding=&#8221;no_padding&#8221; elevate=&#8221;elevate&#8221; background=&#8221;transparent&#8221; el_class=&#8221;folded_section&#8221;][vc_column width=&#8221;1\/4&#8243; color_set=&#8221;secondary_section&#8221; el_id=&#8221;first-cuad-home&#8221;]<!-- ========================== TEASER BOX ==========================-->\n<div class=\"teaser_box wpb_content_element text-center   boxed   with_button    \">\n\n\n  <div class=\"figure \">\n\n      <a href=\"https:\/\/myhmadrecanguro.com\/index.php\/programamadrecanguro\/\" debug title=\"Services\" target=\"\"> \n\n        \n\n        \n\n        <i class=\"fa fa-user-md\"><\/i>\n\n\n    <\/a>\n\n\n  <\/div>\n\n\n  <div class=\"content text-center   with_button \">\n    \n    <div class=\"hgroup\">\n       <h4 class=\"neutralize_links\">\n       Programa Madre Canguro\n       <\/h4>\n      \n    <\/div>\n\n    \n\n    <div class=\"link centered\">\n        <a href=\"https:\/\/myhmadrecanguro.com\/index.php\/programamadrecanguro\/\" Services target=\"\" class=\"btn btn-xs btn-warning\"><strong>Ver<\/strong><\/a>\n    <\/div>\n\n  <\/div>\n\n<\/div>\n\n<!-- END======================= TEASER BOX ==========================-->[\/vc_column][vc_column width=&#8221;1\/4&#8243; el_id=&#8221;second-cuad-home&#8221; css=&#8221;.vc_custom_1644948794387{background-color: #a49bcb !important;}&#8221;]<!-- ========================== TEASER BOX ==========================-->\n<div class=\"teaser_box wpb_content_element text-center   boxed   with_button    \">\n\n\n  <div class=\"figure \">\n\n      <a href=\"https:\/\/myhmadrecanguro.com\/index.php\/blog\/\" debug title=\"Blog\" target=\"\"> \n\n        \n\n        \n\n        <i class=\"fa fa-book\"><\/i>\n\n\n    <\/a>\n\n\n  <\/div>\n\n\n  <div class=\"content text-center   with_button \">\n    \n    <div class=\"hgroup\">\n       <h4 class=\"neutralize_links\">\n       Ed\u00facate en nuestro blog\n       <\/h4>\n      \n    <\/div>\n\n    \n\n    <div class=\"link centered\">\n        <a href=\"https:\/\/myhmadrecanguro.com\/index.php\/blog\/\" Blog target=\"\" class=\"btn btn-xs btn-primary\"><strong>Ver<\/strong><\/a>\n    <\/div>\n\n  <\/div>\n\n<\/div>\n\n<!-- END======================= TEASER BOX ==========================-->[\/vc_column][vc_column width=&#8221;1\/4&#8243; css=&#8221;.vc_custom_1644948863599{background-color: #fcc765 !important;}&#8221;]<!-- ========================== TEASER BOX ==========================-->\n<div class=\"teaser_box wpb_content_element text-center   boxed   with_button    \">\n\n\n  <div class=\"figure \">\n\n      <a href=\"https:\/\/myhmadrecanguro.com\/index.php\/contactos\/\" debug title=\"Contactos\" target=\"\"> \n\n        \n\n        \n\n        <i class=\"fa fa-hospital-o\"><\/i>\n\n\n    <\/a>\n\n\n  <\/div>\n\n\n  <div class=\"content text-center   with_button \">\n    \n    <div class=\"hgroup\">\n       <h4 class=\"neutralize_links\">\n       Sedes M&amp;H\n       <\/h4>\n      \n    <\/div>\n\n    \n\n    <div class=\"link centered\">\n        <a href=\"https:\/\/myhmadrecanguro.com\/index.php\/contactos\/\" Contactos target=\"\" class=\"btn btn-xs btn-secondary\"><strong>Ir<\/strong><\/a>\n    <\/div>\n\n  <\/div>\n\n<\/div>\n\n<!-- END======================= TEASER BOX ==========================-->[\/vc_column][vc_column width=&#8221;1\/4&#8243; css=&#8221;.vc_custom_1644948891221{background-color: #ec685c !important;}&#8221;]<!-- ========================== TEASER BOX ==========================-->\n<div class=\"teaser_box wpb_content_element text-center   boxed   with_button    \">\n\n\n  <div class=\"figure \">\n\n      <a href=\"https:\/\/myhmadrecanguro.com\/index.php\/nuestros-aliados\/\" debug title=\"NUESTROS ALIADOS\" target=\"\"> \n\n        \n\n        \n\n        <i class=\"fa fa-calendar\"><\/i>\n\n\n    <\/a>\n\n\n  <\/div>\n\n\n  <div class=\"content text-center   with_button \">\n    \n    <div class=\"hgroup\">\n       <h4 class=\"neutralize_links\">\n       Nuestros aliados\n       <\/h4>\n      \n    <\/div>\n\n    \n\n    <div class=\"link centered\">\n        <a href=\"https:\/\/myhmadrecanguro.com\/index.php\/nuestros-aliados\/\" NUESTROS ALIADOS target=\"\" class=\"btn btn-xs btn-info\"><strong>Ver<\/strong><\/a>\n    <\/div>\n\n  <\/div>\n\n<\/div>\n\n<!-- END======================= TEASER BOX ==========================-->[\/vc_column][\/vc_row][vc_row full_width=&#8221;0&#8243; full_height=&#8221;0&#8243; row_padding=&#8221;no_padding&#8221; particles=&#8221;0&#8243;][vc_column width=&#8221;2\/3&#8243; heading_align=&#8221;text-center&#8221; align=&#8221;text-left&#8221; margin=&#8221;margin_bottom_grid&#8221;]<div class=\"section_header subtitle_bottom   fancy text-left\">\n\n    <h1>\u2728 Nuestro Programa \u2013 Cuidado especial para ti y tu beb\u00e9<\/h1>\n\n\n        <p ><\/p>\n<\/div>[vc_column_text]Nuestro programa permite que el reci\u00e9n nacido disfrute desde muy temprano del calor y amor de sus padres, favoreciendo una recuperaci\u00f3n m\u00e1s r\u00e1pida y reduciendo complicaciones asociadas a largas estancias hospitalarias.<\/p>\n<p><img loading=\"lazy\" decoding=\"async\" class=\"alignnone wp-image-1077\" src=\"https:\/\/myhmadrecanguro.com\/wp-content\/uploads\/2025\/09\/website-myh-madre-canguro-300x105.png\" alt=\"\" width=\"594\" height=\"208\" srcset=\"https:\/\/myhmadrecanguro.com\/wp-content\/uploads\/2025\/09\/website-myh-madre-canguro-300x105.png 300w, https:\/\/myhmadrecanguro.com\/wp-content\/uploads\/2025\/09\/website-myh-madre-canguro-1024x357.png 1024w, https:\/\/myhmadrecanguro.com\/wp-content\/uploads\/2025\/09\/website-myh-madre-canguro-768x268.png 768w, https:\/\/myhmadrecanguro.com\/wp-content\/uploads\/2025\/09\/website-myh-madre-canguro-1536x535.png 1536w, https:\/\/myhmadrecanguro.com\/wp-content\/uploads\/2025\/09\/website-myh-madre-canguro.png 1920w\" sizes=\"auto, (max-width: 594px) 100vw, 594px\" \/>[\/vc_column_text][vc_column_text]<\/p>\n<ul id=\"ul-main-list\">\n<li>-Un grupo de trabajo interdisciplinario altamente calificado y comprometido respaldan nuestro programa.<\/li>\n<li>-Ofrecemos apoyo psicol\u00f3gico constante a la madre y todo su entorno familiar<\/li>\n<li>-La valoraci\u00f3n Nutricional y el monitoreo del crecimiento hacen parte de este programa<\/li>\n<\/ul>\n<p>[\/vc_column_text]<div class=\"plethora_button wpb_content_element   text-left \">\n    <a href=\"https:\/\/myhmadrecanguro.com\/index.php\/contactos\/\" debug class=\" btn btn-primary with-icon icon-left\" title=\"Services\"  target=\"_self\">\n\n         <i class=\"wmi icon-i-pediatrics\"><\/i> \n        Visita nuestras sedes\n        \n\n    <\/a>\n<\/div>[\/vc_column][vc_column width=&#8221;1\/3&#8243; align=&#8221;text-left&#8221;]<!-- ========================== TEASER BOX ==========================-->\n<div class=\"teaser_box wpb_content_element text-center  skincolored_section    with_button    \">\n\n\n\n      <a href=\"https:\/\/myhmadrecanguro.com\/index.php\/especialistas\/\" debug title=\"\" target=\"\"> \n\n        \n\n    <\/a>\n\n\n\n\n  <div class=\"content text-center boxed  with_button \">\n    \n    <div class=\"hgroup\">\n       <h4 class=\"neutralize_links\">\n       Especialidades en el PMC\n       <\/h4>\n      \n    <\/div>\n\n    \n\n    <div class=\"link centered\">\n        <a href=\"https:\/\/myhmadrecanguro.com\/index.php\/especialistas\/\"  target=\"\" class=\"btn btn-xs btn-default\"><strong>Leer m\u00e1s<\/strong><\/a>\n    <\/div>\n\n  <\/div>\n\n<\/div>\n\n<!-- END======================= TEASER BOX ==========================-->[vc_single_image][\/vc_column][\/vc_row][vc_row full_width=&#8221;0&#8243; full_height=&#8221;0&#8243; row_padding=&#8221;no_padding&#8221; particles=&#8221;0&#8243;][vc_column][vc_basic_grid post_type=&#8221;post&#8221; max_items=&#8221;10&#8243; grid_id=&#8221;vc_gid:1758732817273-28dfd5e8-6231-2&#8243;][\/vc_column][\/vc_row][vc_row full_width=&#8221;0&#8243; full_height=&#8221;0&#8243; row_padding=&#8221;no_padding&#8221; particles=&#8221;0&#8243;][vc_column css=&#8221;.vc_custom_1646324181478{padding-right: 40px !important;padding-left: 40px !important;}&#8221;]<div class=\"section_header subtitle_bottom   fancy text-left\">\n\n    <h2><strong>Un ambiente amigable para las madres!<\/strong><\/h2>\n\n\n        <p ><\/p>\n<\/div>[\/vc_column][vc_column heading_align=&#8221;text-center&#8221; align=&#8221;text-left&#8221; margin=&#8221;margin_bottom_grid&#8221; offset=&#8221;vc_col-md-8&#8243; css=&#8221;.vc_custom_1646262489083{padding-right: 40px !important;padding-left: 40px !important;}&#8221;][vc_media_grid element_width=&#8221;6&#8243; initial_loading_animation=&#8221;none&#8221; grid_id=&#8221;vc_gid:1758732817274-dddaab92-8086-1&#8243; include=&#8221;920,921,922,923,924,925&#8243; el_id=&#8221;img-main-carr&#8221;][\/vc_column][vc_column align=&#8221;text-left&#8221; offset=&#8221;vc_col-md-4&#8243; css=&#8221;.vc_custom_1646262505314{padding-right: 20px !important;padding-left: 20px !important;}&#8221;][vc_text_separator title=&#8221;Nuestro Horario&#8221; title_align=&#8221;separator_align_left&#8221; align=&#8221;align_right&#8221; color=&#8221;black&#8221; el_class=&#8221;x_bold&#8221;][vc_raw_html]JTNDZGl2JTIwY2xhc3MlM0QlMjJ0aW1ldGFibGUlMjIlM0UlMEElMjAlMjAlM0N0YWJsZSUyMGNsYXNzJTNEJTIydGltZXRhYmxlX2hvdXJzJTIyJTNFJTBBJTIwJTIwJTIwJTIwJTNDdHIlM0UlMEElMjAlMjAlMjAlMjAlMjAlMjAlM0N0ZCUzRUxVTkVTJTNDJTJGdGQlM0UlMEElMjAlMjAlMjAlMjAlMjAlMjAlM0N0ZCUzRTA3JTNBMDAtMTclM0EwMCUzQyUyRnRkJTNFJTBBJTIwJTIwJTIwJTIwJTNDJTJGdHIlM0UlMEElMjAlMjAlMjAlMjAlM0N0ciUzRSUwQSUyMCUyMCUyMCUyMCUyMCUyMCUzQ3RkJTNFTUFSVEVTJTNDJTJGdGQlM0UlMEElMjAlMjAlMjAlMjAlMjAlMjAlM0N0ZCUzRTA3JTNBMDAtMTclM0EwMCUzQyUyRnRkJTNFJTBBJTIwJTIwJTIwJTIwJTNDJTJGdHIlM0UlMEElMjAlMjAlMjAlMjAlM0N0ciUzRSUwQSUyMCUyMCUyMCUyMCUyMCUyMCUzQ3RkJTNFTUlFUkNPTEVTJTNDJTJGdGQlM0UlMEElMjAlMjAlMjAlMjAlMjAlMjAlM0N0ZCUzRTA3JTNBMDAtMTclM0EwMCUzQyUyRnRkJTNFJTBBJTIwJTIwJTIwJTIwJTNDJTJGdHIlM0UlMEElMjAlMjAlMjAlMjAlM0N0ciUzRSUwQSUyMCUyMCUyMCUyMCUyMCUyMCUzQ3RkJTNFSlVFVkVTJTNDJTJGdGQlM0UlMEElMjAlMjAlMjAlMjAlMjAlMjAlM0N0ZCUzRTA3JTNBMDAtMTclM0EwMCUzQyUyRnRkJTNFJTBBJTIwJTIwJTIwJTIwJTNDJTJGdHIlM0UlMEElMjAlMjAlMjAlMjAlM0N0ciUzRSUwQSUyMCUyMCUyMCUyMCUyMCUyMCUzQ3RkJTNFVklFUk5FUyUzQyUyRnRkJTNFJTBBJTIwJTIwJTIwJTIwJTIwJTIwJTNDdGQlM0UwNyUzQTAwLTE3JTNBMDAlM0MlMkZ0ZCUzRSUwQSUyMCUyMCUyMCUyMCUzQyUyRnRyJTNFJTBBJTIwJTIwJTNDJTJGdGFibGUlM0UlMEElM0MlMkZkaXYlM0U=[\/vc_raw_html][\/vc_column][\/vc_row][vc_row full_width=&#8221;0&#8243; full_height=&#8221;0&#8243; row_padding=&#8221;no_padding&#8221; particles=&#8221;0&#8243;][vc_column][vc_column_text]\t\t<div id=\"sbi_mod_error\" >\n\t\t\t<span>This error message is only visible to WordPress admins<\/span><br\/>\n\t\t\t<p><strong>Error: No feed with the ID 5 found.<\/strong>\n\t\t\t<p>Please go to the Instagram Feed settings page to create a feed.<\/p>\n\t\t<\/div>\n\t\t[\/vc_column_text][\/vc_column][\/vc_row][vc_row full_width=&#8221;0&#8243; full_height=&#8221;0&#8243; row_padding=&#8221;no_padding&#8221; particles=&#8221;0&#8243;][vc_column][vc_raw_js]JTNDc2NyaXB0JTNFJTIwJTBBbGV0JTIwY2FyZF9zaWRlJTNEZG9jdW1lbnQuZ2V0RWxlbWVudHNCeUNsYXNzTmFtZSUyOCUyN3NsaWRlSW5VcCUyNyUyOSUzQiUwQWNhcmRfc2lkZSU1QjAlNUQuc2V0QXR0cmlidXRlJTI4JTI3aWQlMjclMkMlMjdjYXJkXzFfc2xpZGUlMjclMjklM0IlMEElMjAlM0MlMkZzY3JpcHQlM0U=[\/vc_raw_js][\/vc_column][\/vc_row]<\/p>\n<\/div>","protected":false},"excerpt":{"rendered":"<p>[vc_row full_width=&#8221;0&#8243; full_height=&#8221;0&#8243; row_padding=&#8221;no_padding&#8221; elevate=&#8221;elevate&#8221; background=&#8221;transparent&#8221; el_class=&#8221;folded_section&#8221;][vc_column width=&#8221;1\/4&#8243; color_set=&#8221;secondary_section&#8221; el_id=&#8221;first-cuad-home&#8221;][\/vc_column][vc_column width=&#8221;1\/4&#8243; el_id=&#8221;second-cuad-home&#8221; css=&#8221;.vc_custom_1644948794387{background-color: #a49bcb !important;}&#8221;][\/vc_column][vc_column width=&#8221;1\/4&#8243; css=&#8221;.vc_custom_1644948863599{background-color: #fcc765 !important;}&#8221;][\/vc_column][vc_column width=&#8221;1\/4&#8243; css=&#8221;.vc_custom_1644948891221{background-color: #ec685c !important;}&#8221;][\/vc_column][\/vc_row][vc_row full_width=&#8221;0&#8243; full_height=&#8221;0&#8243; row_padding=&#8221;no_padding&#8221; particles=&#8221;0&#8243;][vc_column width=&#8221;2\/3&#8243; heading_align=&#8221;text-center&#8221; align=&#8221;text-left&#8221; margin=&#8221;margin_bottom_grid&#8221;][vc_column_text]Nuestro programa permite que el reci\u00e9n nacido disfrute desde muy temprano del calor y amor de sus padres, favoreciendo una recuperaci\u00f3n m\u00e1s r\u00e1pida y reduciendo [&hellip;]<\/p>\n","protected":false},"author":1,"featured_media":0,"parent":0,"menu_order":0,"comment_status":"closed","ping_status":"closed","template":"","meta":{"om_disable_all_campaigns":false,"_monsterinsights_skip_tracking":false,"_monsterinsights_sitenote_active":false,"_monsterinsights_sitenote_note":"","_monsterinsights_sitenote_category":0,"footnotes":""},"class_list":["post-7","page","type-page","status-publish","hentry"],"aioseo_notices":[],"_links":{"self":[{"href":"https:\/\/myhmadrecanguro.com\/index.php\/wp-json\/wp\/v2\/pages\/7","targetHints":{"allow":["GET"]}}],"collection":[{"href":"https:\/\/myhmadrecanguro.com\/index.php\/wp-json\/wp\/v2\/pages"}],"about":[{"href":"https:\/\/myhmadrecanguro.com\/index.php\/wp-json\/wp\/v2\/types\/page"}],"author":[{"embeddable":true,"href":"https:\/\/myhmadrecanguro.com\/index.php\/wp-json\/wp\/v2\/users\/1"}],"replies":[{"embeddable":true,"href":"https:\/\/myhmadrecanguro.com\/index.php\/wp-json\/wp\/v2\/comments?post=7"}],"version-history":[{"count":144,"href":"https:\/\/myhmadrecanguro.com\/index.php\/wp-json\/wp\/v2\/pages\/7\/revisions"}],"predecessor-version":[{"id":1074,"href":"https:\/\/myhmadrecanguro.com\/index.php\/wp-json\/wp\/v2\/pages\/7\/revisions\/1074"}],"wp:attachment":[{"href":"https:\/\/myhmadrecanguro.com\/index.php\/wp-json\/wp\/v2\/media?parent=7"}],"curies":[{"name":"wp","href":"https:\/\/api.w.org\/{rel}","templated":true}]}}